{"id":945,"date":"2023-01-02T23:59:47","date_gmt":"2023-01-03T02:59:47","guid":{"rendered":"https:\/\/orugadesign.com.ar\/?post_type=product&#038;p=945"},"modified":"2025-08-08T01:20:13","modified_gmt":"2025-08-08T04:20:13","slug":"wallpaper-curve","status":"publish","type":"product","link":"https:\/\/orugadesign.com.ar\/?product=wallpaper-curve","title":{"rendered":"PATTERN CURVE &#8211; Archivos para descarga"},"content":{"rendered":"<p>Un estilo VINTAGE con colores de tendencia .<\/p>\n<p>COMBINACIONES:<\/p>\n<p>*red tomato<\/p>\n<p>*pasteles soft<\/p>\n<p>*pink blue<\/p>\n<p>*green terra<\/p>\n<p><b>IMPORTANTE:<\/b><\/p>\n<p><span style=\"font-weight: 400;\">Los dise\u00f1os adquiridos por esta web no incluyen servicios de colocaci\u00f3n o impresi\u00f3n.\u00a0<\/span><\/p>\n","protected":false},"excerpt":{"rendered":"<p>COMBINACIONES:<\/p>\n<p>*red tomato<\/p>\n<p>*pasteles soft<\/p>\n<p>*pink blue<\/p>\n<p>*green terra<\/p>\n<p><b>IMPORTANTE:<\/b><\/p>\n<p><span style=\"font-weight: 400;\">Los dise\u00f1os adquiridos por esta web no incluyen servicios de colocaci\u00f3n o impresi\u00f3n.\u00a0<\/span><\/p>\n<p><span style=\"font-weight: 400;\">El precio corresponde a :<\/span><\/p>\n<ul>\n<li style=\"font-weight: 400;\" aria-level=\"1\"><span style=\"font-weight: 400;\">Archivo editable de patr\u00f3n para descargar (medida ajustable en formato mosaico )<\/span><\/li>\n<li style=\"font-weight: 400;\" aria-level=\"1\"><span style=\"font-weight: 400;\">Formato pdf \/ ai \/ svg.<\/span><\/li>\n<li style=\"font-weight: 400;\" aria-level=\"1\"><span style=\"font-weight: 400;\">1 Combinaci\u00f3n de color seg\u00fan cat\u00e1logo.<\/span><\/li>\n<\/ul>\n<p><span style=\"font-weight: 400;\">Puede agregarse al pedido:<\/span><\/p>\n<ul>\n<li style=\"font-weight: 400;\" aria-level=\"1\"><span style=\"font-weight: 400;\">Asesoramiento en el dise\u00f1o.<\/span><\/li>\n<li style=\"font-weight: 400;\" aria-level=\"1\"><span style=\"font-weight: 400;\">Cambios en la combinaci\u00f3n o agregado de Logo \/ Marca.<\/span><\/li>\n<\/ul>\n<p>&nbsp;<\/p>\n","protected":false},"featured_media":946,"comment_status":"open","ping_status":"closed","template":"","meta":{"_et_pb_use_builder":"","_et_pb_old_content":""},"product_brand":[],"product_cat":[24],"product_tag":[],"class_list":{"0":"post-945","1":"product","2":"type-product","3":"status-publish","4":"has-post-thumbnail","6":"product_cat-patternsondemand","8":"first","9":"instock","10":"taxable","11":"shipping-taxable","12":"purchasable","13":"product-type-simple"},"_links":{"self":[{"href":"https:\/\/orugadesign.com.ar\/index.php?rest_route=\/wp\/v2\/product\/945","targetHints":{"allow":["GET"]}}],"collection":[{"href":"https:\/\/orugadesign.com.ar\/index.php?rest_route=\/wp\/v2\/product"}],"about":[{"href":"https:\/\/orugadesign.com.ar\/index.php?rest_route=\/wp\/v2\/types\/product"}],"replies":[{"embeddable":true,"href":"https:\/\/orugadesign.com.ar\/index.php?rest_route=%2Fwp%2Fv2%2Fcomments&post=945"}],"wp:featuredmedia":[{"embeddable":true,"href":"https:\/\/orugadesign.com.ar\/index.php?rest_route=\/wp\/v2\/media\/946"}],"wp:attachment":[{"href":"https:\/\/orugadesign.com.ar\/index.php?rest_route=%2Fwp%2Fv2%2Fmedia&parent=945"}],"wp:term":[{"taxonomy":"product_brand","embeddable":true,"href":"https:\/\/orugadesign.com.ar\/index.php?rest_route=%2Fwp%2Fv2%2Fproduct_brand&post=945"},{"taxonomy":"product_cat","embeddable":true,"href":"https:\/\/orugadesign.com.ar\/index.php?rest_route=%2Fwp%2Fv2%2Fproduct_cat&post=945"},{"taxonomy":"product_tag","embeddable":true,"href":"https:\/\/orugadesign.com.ar\/index.php?rest_route=%2Fwp%2Fv2%2Fproduct_tag&post=945"}],"curies":[{"name":"wp","href":"https:\/\/api.w.org\/{rel}","templated":true}]}}