{"id":789,"date":"2022-03-03T22:23:09","date_gmt":"2022-03-04T01:23:09","guid":{"rendered":"https:\/\/orugadesign.com.ar\/?post_type=product&#038;p=789"},"modified":"2025-09-19T02:44:06","modified_gmt":"2025-09-19T05:44:06","slug":"individuales-lemon-leaves","status":"publish","type":"product","link":"https:\/\/orugadesign.com.ar\/?product=individuales-lemon-leaves","title":{"rendered":"PATTERN &#8211; LEMON LEAVES &#8211; Archivo para descargar"},"content":{"rendered":"<p><strong>ESTAMPA EXCLUSIVA LEMON LEAVES @ORUGA.DESIGN<\/strong><\/p>\n<p><strong>COMBINACIONES:\u00a0<\/strong><\/p>\n<ul>\n<li>FONDO BLANCO<\/li>\n<li>FONDO VERDE MUSGO<span style=\"font-weight: 400;\">El precio corresponde a :<\/span>\n<ul>\n<li style=\"font-weight: 400;\" aria-level=\"1\"><span style=\"font-weight: 400;\">Archivo editable de patr\u00f3n para descargar (medida ajustable en formato mosaico )<\/span><\/li>\n<li style=\"font-weight: 400;\" aria-level=\"1\"><span style=\"font-weight: 400;\">Formato pdf \/ ai \/ svg.<\/span><\/li>\n<li style=\"font-weight: 400;\" aria-level=\"1\"><span style=\"font-weight: 400;\">1 Combinaci\u00f3n de color seg\u00fan cat\u00e1logo.<\/span><\/li>\n<\/ul>\n<p><span style=\"font-weight: 400;\">Puede agregarse al pedido:<\/span><\/p>\n<ul>\n<li style=\"font-weight: 400;\" aria-level=\"1\"><span style=\"font-weight: 400;\">Asesoramiento en el dise\u00f1o.<\/span><\/li>\n<li style=\"font-weight: 400;\" aria-level=\"1\"><span style=\"font-weight: 400;\">Cambios en la combinaci\u00f3n o agregado de Logo \/ Marca.<\/span><\/li>\n<\/ul>\n<\/li>\n<\/ul>\n","protected":false},"excerpt":{"rendered":"<p><strong>ESTAMPA EXCLUSIVA LEMON LEAVES @ORUGA.DESIGN<\/strong><\/p>\n<p><strong>COMBINACIONES:\u00a0<\/strong><\/p>\n<ul>\n<li>FONDO BLANCO<\/li>\n<li>FONDO VERDE MUSGO<\/li>\n<li><span style=\"font-weight: 400;\">El precio corresponde a :<\/span>\n<ul>\n<li style=\"font-weight: 400;\" aria-level=\"1\"><span style=\"font-weight: 400;\">Archivo editable de patr\u00f3n para descargar (medida ajustable en formato mosaico )<\/span><\/li>\n<li style=\"font-weight: 400;\" aria-level=\"1\"><span style=\"font-weight: 400;\">Formato pdf \/ ai \/ svg.<\/span><\/li>\n<li style=\"font-weight: 400;\" aria-level=\"1\"><span style=\"font-weight: 400;\">1 Combinaci\u00f3n de color seg\u00fan cat\u00e1logo.<\/span><\/li>\n<\/ul>\n<p><span style=\"font-weight: 400;\">Puede agregarse al pedido:<\/span><\/p>\n<ul>\n<li style=\"font-weight: 400;\" aria-level=\"1\"><span style=\"font-weight: 400;\">Asesoramiento en el dise\u00f1o.<\/span><\/li>\n<li style=\"font-weight: 400;\" aria-level=\"1\"><span style=\"font-weight: 400;\">Cambios en la combinaci\u00f3n o agregado de Logo \/ Marca.<\/span><\/li>\n<\/ul>\n<\/li>\n<\/ul>\n<p>&nbsp;<\/p>\n","protected":false},"featured_media":790,"comment_status":"open","ping_status":"closed","template":"","meta":{"_et_pb_use_builder":"","_et_pb_old_content":""},"product_brand":[],"product_cat":[24],"product_tag":[],"class_list":{"0":"post-789","1":"product","2":"type-product","3":"status-publish","4":"has-post-thumbnail","6":"product_cat-patternsondemand","8":"first","9":"instock","10":"taxable","11":"shipping-taxable","12":"purchasable","13":"product-type-simple"},"_links":{"self":[{"href":"https:\/\/orugadesign.com.ar\/index.php?rest_route=\/wp\/v2\/product\/789","targetHints":{"allow":["GET"]}}],"collection":[{"href":"https:\/\/orugadesign.com.ar\/index.php?rest_route=\/wp\/v2\/product"}],"about":[{"href":"https:\/\/orugadesign.com.ar\/index.php?rest_route=\/wp\/v2\/types\/product"}],"replies":[{"embeddable":true,"href":"https:\/\/orugadesign.com.ar\/index.php?rest_route=%2Fwp%2Fv2%2Fcomments&post=789"}],"wp:featuredmedia":[{"embeddable":true,"href":"https:\/\/orugadesign.com.ar\/index.php?rest_route=\/wp\/v2\/media\/790"}],"wp:attachment":[{"href":"https:\/\/orugadesign.com.ar\/index.php?rest_route=%2Fwp%2Fv2%2Fmedia&parent=789"}],"wp:term":[{"taxonomy":"product_brand","embeddable":true,"href":"https:\/\/orugadesign.com.ar\/index.php?rest_route=%2Fwp%2Fv2%2Fproduct_brand&post=789"},{"taxonomy":"product_cat","embeddable":true,"href":"https:\/\/orugadesign.com.ar\/index.php?rest_route=%2Fwp%2Fv2%2Fproduct_cat&post=789"},{"taxonomy":"product_tag","embeddable":true,"href":"https:\/\/orugadesign.com.ar\/index.php?rest_route=%2Fwp%2Fv2%2Fproduct_tag&post=789"}],"curies":[{"name":"wp","href":"https:\/\/api.w.org\/{rel}","templated":true}]}}