{"id":782,"date":"2022-03-03T07:39:42","date_gmt":"2022-03-03T10:39:42","guid":{"rendered":"https:\/\/orugadesign.com.ar\/?post_type=product&#038;p=782"},"modified":"2025-06-15T16:09:38","modified_gmt":"2025-06-15T19:09:38","slug":"individuales-ginko-tulipas-verdes-y-blanco","status":"publish","type":"product","link":"https:\/\/orugadesign.com.ar\/?product=individuales-ginko-tulipas-verdes-y-blanco","title":{"rendered":"PATTERN GINKO TULIPAS &#8211; VERDES Y BLANCO"},"content":{"rendered":"<p><strong>ESTAMPA EXCLUSIVA GINGKO TULIPAS @ORUGA.DESIGN<\/strong><\/p>\n<p><strong>COMBINACIONES:\u00a0<\/strong><\/p>\n<ul>\n<li>FONDO BLANCO<\/li>\n<li>FONDO CORAL<\/li>\n<\/ul>\n<p><span style=\"font-weight: 400;\">El precio corresponde a :<\/span><\/p>\n<ul>\n<li style=\"font-weight: 400;\" aria-level=\"1\"><span style=\"font-weight: 400;\">Archivo editable de patr\u00f3n para descargar (medida ajustable en formato mosaico )<\/span><\/li>\n<li style=\"font-weight: 400;\" aria-level=\"1\"><span style=\"font-weight: 400;\">Formato pdf \/ ai \/ svg.<\/span><\/li>\n<li style=\"font-weight: 400;\" aria-level=\"1\"><span style=\"font-weight: 400;\">1 Combinaci\u00f3n de color seg\u00fan cat\u00e1logo.<\/span><\/li>\n<\/ul>\n<p><span style=\"font-weight: 400;\">Puede agregarse al pedido:<\/span><\/p>\n<ul>\n<li style=\"font-weight: 400;\" aria-level=\"1\"><span style=\"font-weight: 400;\">Asesoramiento en el dise\u00f1o.<\/span><\/li>\n<li style=\"font-weight: 400;\" aria-level=\"1\"><span style=\"font-weight: 400;\">Cambios en la combinaci\u00f3n o agregado de Logo \/ Marca.<\/span><\/li>\n<\/ul>\n","protected":false},"excerpt":{"rendered":"<p><strong>ESTAMPA EXCLUSIVA GINGKO TULIPAS @ORUGA.DESIGN<\/strong><\/p>\n<p><strong>COMBINACIONES:\u00a0<\/strong><\/p>\n<ul>\n<li>FONDO BLANCO<\/li>\n<li>FONDO CORAL<\/li>\n<\/ul>\n<p><span style=\"font-weight: 400;\">El precio corresponde a :<\/span><\/p>\n<ul>\n<li style=\"font-weight: 400;\" aria-level=\"1\"><span style=\"font-weight: 400;\">Archivo editable de patr\u00f3n para descargar (medida ajustable en formato mosaico )<\/span><\/li>\n<li style=\"font-weight: 400;\" aria-level=\"1\"><span style=\"font-weight: 400;\">Formato pdf \/ ai \/ svg.<\/span><\/li>\n<li style=\"font-weight: 400;\" aria-level=\"1\"><span style=\"font-weight: 400;\">1 Combinaci\u00f3n de color seg\u00fan cat\u00e1logo.<\/span><\/li>\n<\/ul>\n<p><span style=\"font-weight: 400;\">Puede agregarse al pedido:<\/span><\/p>\n<ul>\n<li style=\"font-weight: 400;\" aria-level=\"1\"><span style=\"font-weight: 400;\">Asesoramiento en el dise\u00f1o.<\/span><\/li>\n<li style=\"font-weight: 400;\" aria-level=\"1\"><span style=\"font-weight: 400;\">Cambios en la combinaci\u00f3n o agregado de Logo \/ Marca.<\/span><\/li>\n<\/ul>\n","protected":false},"featured_media":784,"comment_status":"open","ping_status":"closed","template":"","meta":{"_et_pb_use_builder":"","_et_pb_old_content":""},"product_brand":[],"product_cat":[24],"product_tag":[44,45],"class_list":{"0":"post-782","1":"product","2":"type-product","3":"status-publish","4":"has-post-thumbnail","6":"product_cat-patternsondemand","7":"product_tag-individuales","8":"product_tag-platos-de-sitio","10":"first","11":"instock","12":"taxable","13":"shipping-taxable","14":"purchasable","15":"product-type-simple"},"_links":{"self":[{"href":"https:\/\/orugadesign.com.ar\/index.php?rest_route=\/wp\/v2\/product\/782","targetHints":{"allow":["GET"]}}],"collection":[{"href":"https:\/\/orugadesign.com.ar\/index.php?rest_route=\/wp\/v2\/product"}],"about":[{"href":"https:\/\/orugadesign.com.ar\/index.php?rest_route=\/wp\/v2\/types\/product"}],"replies":[{"embeddable":true,"href":"https:\/\/orugadesign.com.ar\/index.php?rest_route=%2Fwp%2Fv2%2Fcomments&post=782"}],"wp:featuredmedia":[{"embeddable":true,"href":"https:\/\/orugadesign.com.ar\/index.php?rest_route=\/wp\/v2\/media\/784"}],"wp:attachment":[{"href":"https:\/\/orugadesign.com.ar\/index.php?rest_route=%2Fwp%2Fv2%2Fmedia&parent=782"}],"wp:term":[{"taxonomy":"product_brand","embeddable":true,"href":"https:\/\/orugadesign.com.ar\/index.php?rest_route=%2Fwp%2Fv2%2Fproduct_brand&post=782"},{"taxonomy":"product_cat","embeddable":true,"href":"https:\/\/orugadesign.com.ar\/index.php?rest_route=%2Fwp%2Fv2%2Fproduct_cat&post=782"},{"taxonomy":"product_tag","embeddable":true,"href":"https:\/\/orugadesign.com.ar\/index.php?rest_route=%2Fwp%2Fv2%2Fproduct_tag&post=782"}],"curies":[{"name":"wp","href":"https:\/\/api.w.org\/{rel}","templated":true}]}}