{"id":491,"date":"2021-02-19T16:08:42","date_gmt":"2021-02-19T19:08:42","guid":{"rendered":"https:\/\/orugadesign.com.ar\/?post_type=product&#038;p=491"},"modified":"2024-01-26T10:41:57","modified_gmt":"2024-01-26T13:41:57","slug":"mosaicos-geo-pop","status":"publish","type":"product","link":"https:\/\/orugadesign.com.ar\/?product=mosaicos-geo-pop","title":{"rendered":"MOSAICOS \u00abGEO POP\u00bb"},"content":{"rendered":"<p><strong>MOSAICOS \/ AZULEJOS VIN\u00cdLICOS<\/strong><\/p>\n<p>Para darle otro look a tu COCINA, BA\u00d1O o VENTANAL !<\/p>\n<p>Con esta opci\u00f3n podes decorar tus espacios con azulejos de dise\u00f1o sin polvillo, sin romper paredes!<\/p>\n<p>De f\u00e1cil colocaci\u00f3n y aptos para limpiar con un pa\u00f1o h\u00famedo, son de larga duraci\u00f3n en color y adherencia.<\/p>\n<p>Tambi\u00e9n APTOS PARA MADERA \u00f3 VIDRIO, o cualquier otra superficie lisa y sin humedad.<\/p>\n<p>Pod\u00e9s llevarlos en otros formatos por pedido.<\/p>\n<p>Mand\u00e1nos un mail o whatsapp con la especificaci\u00f3n y lo hacemos a medida.<\/p>\n","protected":false},"excerpt":{"rendered":"<p>PACKS de 10 unidades, colores combinados.<\/p>\n<p>\ud83d\udc49Formato 15 x 15 cm<strong>: <span style=\"color: #339966;\">$ 750<\/span><\/strong><\/p>\n<p>\ud83d\udc49Formato 20 x 20 cm<strong>: <span style=\"color: #339966;\">$ 950<\/span><\/strong><\/p>\n","protected":false},"featured_media":515,"comment_status":"open","ping_status":"closed","template":"","meta":{"_et_pb_use_builder":"","_et_pb_old_content":""},"product_brand":[],"product_cat":[25],"product_tag":[],"class_list":{"0":"post-491","1":"product","2":"type-product","3":"status-publish","4":"has-post-thumbnail","6":"product_cat-mosaicos","8":"first","9":"instock","10":"taxable","11":"shipping-taxable","12":"purchasable","13":"product-type-simple"},"_links":{"self":[{"href":"https:\/\/orugadesign.com.ar\/index.php?rest_route=\/wp\/v2\/product\/491","targetHints":{"allow":["GET"]}}],"collection":[{"href":"https:\/\/orugadesign.com.ar\/index.php?rest_route=\/wp\/v2\/product"}],"about":[{"href":"https:\/\/orugadesign.com.ar\/index.php?rest_route=\/wp\/v2\/types\/product"}],"replies":[{"embeddable":true,"href":"https:\/\/orugadesign.com.ar\/index.php?rest_route=%2Fwp%2Fv2%2Fcomments&post=491"}],"wp:featuredmedia":[{"embeddable":true,"href":"https:\/\/orugadesign.com.ar\/index.php?rest_route=\/wp\/v2\/media\/515"}],"wp:attachment":[{"href":"https:\/\/orugadesign.com.ar\/index.php?rest_route=%2Fwp%2Fv2%2Fmedia&parent=491"}],"wp:term":[{"taxonomy":"product_brand","embeddable":true,"href":"https:\/\/orugadesign.com.ar\/index.php?rest_route=%2Fwp%2Fv2%2Fproduct_brand&post=491"},{"taxonomy":"product_cat","embeddable":true,"href":"https:\/\/orugadesign.com.ar\/index.php?rest_route=%2Fwp%2Fv2%2Fproduct_cat&post=491"},{"taxonomy":"product_tag","embeddable":true,"href":"https:\/\/orugadesign.com.ar\/index.php?rest_route=%2Fwp%2Fv2%2Fproduct_tag&post=491"}],"curies":[{"name":"wp","href":"https:\/\/api.w.org\/{rel}","templated":true}]}}