{"id":386,"date":"2021-02-11T18:45:43","date_gmt":"2021-02-11T21:45:43","guid":{"rendered":"https:\/\/orugadesign.com.ar\/?post_type=product&#038;p=386"},"modified":"2024-10-21T16:35:07","modified_gmt":"2024-10-21T19:35:07","slug":"wallpaper-color-power","status":"publish","type":"product","link":"https:\/\/orugadesign.com.ar\/?product=wallpaper-color-power","title":{"rendered":"WALLPAPER \u00abFLOWER POWER\u00bb"},"content":{"rendered":"<p style=\"padding-left: 40px;\"><strong>Porqu\u00e9 elegir nuestros VINILOS ORUGA:<\/strong><\/p>\n<ul>\n<li>Dan vida, color y dise\u00f1o a tus ambientes con poco presupuesto.<\/li>\n<li>Colocaci\u00f3n f\u00e1cil y r\u00e1pida, sin polvillo ni paredes rotas !<\/li>\n<li>El material es resistente el agua y la humedad.<\/li>\n<li>Son lavables y de f\u00e1cil limpieza (no utilizar lavandina ni cloro)<\/li>\n<li>Protegen la superficie de manchas y rayones.<\/li>\n<\/ul>\n<p style=\"padding-left: 40px;\"><strong>CONSEJOS:<\/strong><\/p>\n<ul>\n<li>Recomendamos un colocador con experiencia para superficies grandes como paredes.<\/li>\n<li>Para la limpieza de los vinilos o papeles evitar productos abrasivos (lavandina, limpiadores en crema, entre otros)<\/li>\n<li>Recordar que la superficie debe estar en buenas condiciones, lisa, y sin humedad.<\/li>\n<\/ul>\n<p>&nbsp;<\/p>\n<p style=\"padding-left: 40px;\"><span style=\"color: #339966;\"><strong>IMPORTANTE:<\/strong><\/span><\/p>\n<p style=\"padding-left: 40px;\">Nuestros productos no incluyen servicios de colocaci\u00f3n.<\/p>\n<p style=\"padding-left: 40px;\">Si bien no es complicada la instalaci\u00f3n de los wallpapers, en caso que requiera un colocador podemos sugerirle profesionales de confianza.<\/p>\n<p>&nbsp;<\/p>\n<p style=\"padding-left: 40px;\"><span style=\"color: #339966;\"><strong>TIEMPOS DE ENTREGA :\u00a0<\/strong><\/span><\/p>\n<ul>\n<li><strong>En ciudad de ROSARIO:<\/strong><\/li>\n<\/ul>\n<p style=\"padding-left: 40px;\">los pedidos tienen un tiempo de entrega promedio de 3 a 5 d\u00edas (hasta 4 m2) y 7-10 d\u00edas si es mayor cantidad de m2.<\/p>\n<p style=\"padding-left: 40px;\">Todos los productos que se retiren por nuestra oficina <strong>NO TENDR\u00c1N COSTO DE ENV\u00cdO.<\/strong><\/p>\n<p>&nbsp;<\/p>\n<ul>\n<li><strong>En resto del pa\u00eds:<\/strong><\/li>\n<\/ul>\n<p style=\"padding-left: 40px;\">los tiempos de entrega promedio son de 1 semana a 15 d\u00edas dependiendo provincia y tipo de env\u00edo.<\/p>\n<p style=\"padding-left: 40px;\">Todos los productos llevaran el cargo correspondiente seg\u00fan el destino.<\/p>\n","protected":false},"excerpt":{"rendered":"<p>Un estampado con flores gestuales llenos de fuerza de expresi\u00f3n,<\/p>\n<p>en colores fuertes y tambi\u00e9n en neutros para espacios m\u00e1s relajados.<\/p>\n<p>Flower Power es un dise\u00f1o que pod\u00e9s encontrar en las siguientes combinaciones:<\/p>\n<ul>\n<li>OLIVA \/ CRUDO<\/li>\n<li>AZUL \/ CRUDO<\/li>\n<li>ROSA \/ VERDE<\/li>\n<li>GRIS PERLA \/ CRUDO<\/li>\n<\/ul>\n<p>_________<\/p>\n<p style=\"padding-left: 40px;\"><strong>MATERIAL:<\/strong> Vinilo impreso Full Color para colocar sobre superficie lisa.<\/p>\n<p>(Puede pedirse en PAPEL TAPIZ \u2013 CONSULTAR PRECIO )<\/p>\n<p>Los precios corresponden a 1 m2.<\/p>\n","protected":false},"featured_media":387,"comment_status":"open","ping_status":"closed","template":"","meta":{"_et_pb_use_builder":"","_et_pb_old_content":""},"product_brand":[],"product_cat":[24],"product_tag":[],"class_list":{"0":"post-386","1":"product","2":"type-product","3":"status-publish","4":"has-post-thumbnail","6":"product_cat-patternsondemand","8":"first","9":"instock","10":"taxable","11":"shipping-taxable","12":"purchasable","13":"product-type-simple"},"_links":{"self":[{"href":"https:\/\/orugadesign.com.ar\/index.php?rest_route=\/wp\/v2\/product\/386","targetHints":{"allow":["GET"]}}],"collection":[{"href":"https:\/\/orugadesign.com.ar\/index.php?rest_route=\/wp\/v2\/product"}],"about":[{"href":"https:\/\/orugadesign.com.ar\/index.php?rest_route=\/wp\/v2\/types\/product"}],"replies":[{"embeddable":true,"href":"https:\/\/orugadesign.com.ar\/index.php?rest_route=%2Fwp%2Fv2%2Fcomments&post=386"}],"wp:featuredmedia":[{"embeddable":true,"href":"https:\/\/orugadesign.com.ar\/index.php?rest_route=\/wp\/v2\/media\/387"}],"wp:attachment":[{"href":"https:\/\/orugadesign.com.ar\/index.php?rest_route=%2Fwp%2Fv2%2Fmedia&parent=386"}],"wp:term":[{"taxonomy":"product_brand","embeddable":true,"href":"https:\/\/orugadesign.com.ar\/index.php?rest_route=%2Fwp%2Fv2%2Fproduct_brand&post=386"},{"taxonomy":"product_cat","embeddable":true,"href":"https:\/\/orugadesign.com.ar\/index.php?rest_route=%2Fwp%2Fv2%2Fproduct_cat&post=386"},{"taxonomy":"product_tag","embeddable":true,"href":"https:\/\/orugadesign.com.ar\/index.php?rest_route=%2Fwp%2Fv2%2Fproduct_tag&post=386"}],"curies":[{"name":"wp","href":"https:\/\/api.w.org\/{rel}","templated":true}]}}