{"id":320,"date":"2021-02-04T17:11:03","date_gmt":"2021-02-04T20:11:03","guid":{"rendered":"https:\/\/orugadesign.com.ar\/?post_type=product&#038;p=320"},"modified":"2024-01-09T10:51:38","modified_gmt":"2024-01-09T13:51:38","slug":"individuales-batik","status":"publish","type":"product","link":"https:\/\/orugadesign.com.ar\/?product=individuales-batik","title":{"rendered":"INDIVIDUALES BATIK Redondos"},"content":{"rendered":"<p>Frescos y con aires de verano,<\/p>\n<p>los individuales BATIK BLUE traen el esp\u00edritu libre<\/p>\n<p>en sus estampados a tus desayunos y meriendas \ud83d\ude42<\/p>\n<p>&nbsp;<\/p>\n<p><strong>\u00a0INDIVIDUALES REDONDOS<\/strong><\/p>\n<p><strong>TAMA\u00d1O :<\/strong>\u00a037 cm di\u00e1metro<\/p>\n<p><strong>MATERIAL:<\/strong>\u00a0Lona black out de 2mm espesor.<\/p>\n<p>Son lavables y super durables.<\/p>\n<p>(Recomendamos la limpieza con productos no abrasivos, ni esponjas de acero)<\/p>\n<p><strong>COMBINACIONES:\u00a0<\/strong><\/p>\n<ul>\n<li>AZUL \/ con hojas en blanco trasl\u00facido.<\/li>\n<\/ul>\n<p>Si compr\u00e1s por mayor (m\u00e1s de 25 unidades) pod\u00e9s pedirnos la combinaci\u00f3n que quieras, probando con los colores de tu paleta institucional, o para los tonos elegidos para un evento (casamientos, cumplea\u00f1os, etc)<\/p>\n","protected":false},"excerpt":{"rendered":"<p>Frescos y con aires de verano, los individuales BATIK BLUE traen el esp\u00edritu libre en sus estampados a tus desayunos y meriendas \ud83d\ude42 &nbsp; \u00a0INDIVIDUALES REDONDOS TAMA\u00d1O :\u00a037 cm di\u00e1metro MATERIAL:\u00a0Lona black out de 2mm espesor. Son lavables y super durables. (Recomendamos la limpieza con productos no abrasivos, ni esponjas de acero) COMBINACIONES:\u00a0 AZUL \/ [&hellip;]<\/p>\n","protected":false},"featured_media":330,"comment_status":"open","ping_status":"closed","template":"","meta":{"_et_pb_use_builder":"","_et_pb_old_content":""},"product_brand":[],"product_cat":[29],"product_tag":[],"class_list":{"0":"post-320","1":"product","2":"type-product","3":"status-publish","4":"has-post-thumbnail","6":"product_cat-individuales","8":"first","9":"onbackorder","10":"taxable","11":"shipping-taxable","12":"purchasable","13":"product-type-simple"},"_links":{"self":[{"href":"https:\/\/orugadesign.com.ar\/index.php?rest_route=\/wp\/v2\/product\/320","targetHints":{"allow":["GET"]}}],"collection":[{"href":"https:\/\/orugadesign.com.ar\/index.php?rest_route=\/wp\/v2\/product"}],"about":[{"href":"https:\/\/orugadesign.com.ar\/index.php?rest_route=\/wp\/v2\/types\/product"}],"replies":[{"embeddable":true,"href":"https:\/\/orugadesign.com.ar\/index.php?rest_route=%2Fwp%2Fv2%2Fcomments&post=320"}],"wp:featuredmedia":[{"embeddable":true,"href":"https:\/\/orugadesign.com.ar\/index.php?rest_route=\/wp\/v2\/media\/330"}],"wp:attachment":[{"href":"https:\/\/orugadesign.com.ar\/index.php?rest_route=%2Fwp%2Fv2%2Fmedia&parent=320"}],"wp:term":[{"taxonomy":"product_brand","embeddable":true,"href":"https:\/\/orugadesign.com.ar\/index.php?rest_route=%2Fwp%2Fv2%2Fproduct_brand&post=320"},{"taxonomy":"product_cat","embeddable":true,"href":"https:\/\/orugadesign.com.ar\/index.php?rest_route=%2Fwp%2Fv2%2Fproduct_cat&post=320"},{"taxonomy":"product_tag","embeddable":true,"href":"https:\/\/orugadesign.com.ar\/index.php?rest_route=%2Fwp%2Fv2%2Fproduct_tag&post=320"}],"curies":[{"name":"wp","href":"https:\/\/api.w.org\/{rel}","templated":true}]}}