{"id":305,"date":"2021-01-24T21:46:31","date_gmt":"2021-01-25T00:46:31","guid":{"rendered":"https:\/\/orugadesign.com.ar\/?post_type=product&#038;p=305"},"modified":"2024-01-09T10:52:07","modified_gmt":"2024-01-09T13:52:07","slug":"individuales-trebol-marmol","status":"publish","type":"product","link":"https:\/\/orugadesign.com.ar\/?product=individuales-trebol-marmol","title":{"rendered":"INDIVIDUALES TR\u00c9BOL + M\u00c1RMOL"},"content":{"rendered":"<p>Este modelo de ORUGA combina un cl\u00e1sico como la textura m\u00e1rmol<\/p>\n<p>con un mosaico de tr\u00e9boles que le d\u00e1 un toque moderno.<\/p>\n<p>Son lavables y super durables.<\/p>\n<p>(Recomendamos la limpieza con productos no abrasivos, ni esponjas de acero)<\/p>\n<p><strong>COMBINACIONES:\u00a0<\/strong><\/p>\n<ul>\n<li>VERDE AGUA \/\u00a0 ROSA \/ Fondo M\u00c1RMOL<\/li>\n<li>GRIS \/ AZUL \/ Fondo M\u00c1RMOL<\/li>\n<\/ul>\n<p>Si compr\u00e1s por mayor (m\u00e1s de 25 unidades) pod\u00e9s pedir la combinaci\u00f3n que quieras, probando con los colores de tu paleta institucional, o los tonos elegidos para un evento (casamientos, cumplea\u00f1os, etc)<\/p>\n","protected":false},"excerpt":{"rendered":"<p><strong>INDIVIDUALES RECTANGULARES<\/strong><\/p>\n<p><strong>TAMA\u00d1O :<\/strong>\u00a045 x 32\u00a0cm di\u00e1metro<\/p>\n<p><strong>MATERIAL:<\/strong>\u00a0Lona black out de 2mm espesor.<\/p>\n","protected":false},"featured_media":307,"comment_status":"open","ping_status":"closed","template":"","meta":{"_et_pb_use_builder":"","_et_pb_old_content":""},"product_brand":[],"product_cat":[29],"product_tag":[],"class_list":{"0":"post-305","1":"product","2":"type-product","3":"status-publish","4":"has-post-thumbnail","6":"product_cat-individuales","8":"first","9":"instock","10":"taxable","11":"shipping-taxable","12":"purchasable","13":"product-type-simple"},"_links":{"self":[{"href":"https:\/\/orugadesign.com.ar\/index.php?rest_route=\/wp\/v2\/product\/305","targetHints":{"allow":["GET"]}}],"collection":[{"href":"https:\/\/orugadesign.com.ar\/index.php?rest_route=\/wp\/v2\/product"}],"about":[{"href":"https:\/\/orugadesign.com.ar\/index.php?rest_route=\/wp\/v2\/types\/product"}],"replies":[{"embeddable":true,"href":"https:\/\/orugadesign.com.ar\/index.php?rest_route=%2Fwp%2Fv2%2Fcomments&post=305"}],"wp:featuredmedia":[{"embeddable":true,"href":"https:\/\/orugadesign.com.ar\/index.php?rest_route=\/wp\/v2\/media\/307"}],"wp:attachment":[{"href":"https:\/\/orugadesign.com.ar\/index.php?rest_route=%2Fwp%2Fv2%2Fmedia&parent=305"}],"wp:term":[{"taxonomy":"product_brand","embeddable":true,"href":"https:\/\/orugadesign.com.ar\/index.php?rest_route=%2Fwp%2Fv2%2Fproduct_brand&post=305"},{"taxonomy":"product_cat","embeddable":true,"href":"https:\/\/orugadesign.com.ar\/index.php?rest_route=%2Fwp%2Fv2%2Fproduct_cat&post=305"},{"taxonomy":"product_tag","embeddable":true,"href":"https:\/\/orugadesign.com.ar\/index.php?rest_route=%2Fwp%2Fv2%2Fproduct_tag&post=305"}],"curies":[{"name":"wp","href":"https:\/\/api.w.org\/{rel}","templated":true}]}}