{"id":277,"date":"2021-01-12T18:05:02","date_gmt":"2021-01-12T21:05:02","guid":{"rendered":"https:\/\/orugadesign.com.ar\/?post_type=product&#038;p=277"},"modified":"2025-06-15T15:49:05","modified_gmt":"2025-06-15T18:49:05","slug":"wallpaper-tinker","status":"publish","type":"product","link":"https:\/\/orugadesign.com.ar\/?product=wallpaper-tinker","title":{"rendered":"PATTERN \u00abTINKER\u00bb &#8211; Archivos para descargar"},"content":{"rendered":"","protected":false},"excerpt":{"rendered":"<p>COMBINACIONES:<\/p>\n<ul>\n<li>Fondo Amarillo \/ Flores Grises.<\/li>\n<li>Fondo Gris \/ Flores Amarillo.<\/li>\n<li>EL DISE\u00d1O PRESENTA 2 TAMA\u00d1OS DE ESTAMPADOS.<\/li>\n<\/ul>\n<p><span style=\"font-weight: 400;\">El precio corresponde a :<\/span><\/p>\n<ul>\n<li style=\"font-weight: 400;\" aria-level=\"1\"><span style=\"font-weight: 400;\">Archivo editable de patr\u00f3n para descargar (medida ajustable en formato mosaico )<\/span><\/li>\n<li style=\"font-weight: 400;\" aria-level=\"1\"><span style=\"font-weight: 400;\">Formato pdf \/ ai \/ svg.<\/span><\/li>\n<li style=\"font-weight: 400;\" aria-level=\"1\"><span style=\"font-weight: 400;\">1 Combinaci\u00f3n de color seg\u00fan cat\u00e1logo.<\/span><\/li>\n<\/ul>\n<p><span style=\"font-weight: 400;\">Puede agregarse al pedido:<\/span><\/p>\n<ul>\n<li style=\"font-weight: 400;\" aria-level=\"1\"><span style=\"font-weight: 400;\">Asesoramiento en el dise\u00f1o.<\/span><\/li>\n<li style=\"font-weight: 400;\" aria-level=\"1\"><span style=\"font-weight: 400;\">Cambios en la combinaci\u00f3n o agregado de Logo \/ Marca.<\/span><\/li>\n<\/ul>\n","protected":false},"featured_media":279,"comment_status":"open","ping_status":"closed","template":"","meta":{"_et_pb_use_builder":"","_et_pb_old_content":""},"product_brand":[],"product_cat":[24],"product_tag":[],"class_list":{"0":"post-277","1":"product","2":"type-product","3":"status-publish","4":"has-post-thumbnail","6":"product_cat-patternsondemand","8":"first","9":"instock","10":"featured","11":"taxable","12":"shipping-taxable","13":"purchasable","14":"product-type-simple"},"_links":{"self":[{"href":"https:\/\/orugadesign.com.ar\/index.php?rest_route=\/wp\/v2\/product\/277","targetHints":{"allow":["GET"]}}],"collection":[{"href":"https:\/\/orugadesign.com.ar\/index.php?rest_route=\/wp\/v2\/product"}],"about":[{"href":"https:\/\/orugadesign.com.ar\/index.php?rest_route=\/wp\/v2\/types\/product"}],"replies":[{"embeddable":true,"href":"https:\/\/orugadesign.com.ar\/index.php?rest_route=%2Fwp%2Fv2%2Fcomments&post=277"}],"wp:featuredmedia":[{"embeddable":true,"href":"https:\/\/orugadesign.com.ar\/index.php?rest_route=\/wp\/v2\/media\/279"}],"wp:attachment":[{"href":"https:\/\/orugadesign.com.ar\/index.php?rest_route=%2Fwp%2Fv2%2Fmedia&parent=277"}],"wp:term":[{"taxonomy":"product_brand","embeddable":true,"href":"https:\/\/orugadesign.com.ar\/index.php?rest_route=%2Fwp%2Fv2%2Fproduct_brand&post=277"},{"taxonomy":"product_cat","embeddable":true,"href":"https:\/\/orugadesign.com.ar\/index.php?rest_route=%2Fwp%2Fv2%2Fproduct_cat&post=277"},{"taxonomy":"product_tag","embeddable":true,"href":"https:\/\/orugadesign.com.ar\/index.php?rest_route=%2Fwp%2Fv2%2Fproduct_tag&post=277"}],"curies":[{"name":"wp","href":"https:\/\/api.w.org\/{rel}","templated":true}]}}