{"id":1144,"date":"2025-03-20T13:52:41","date_gmt":"2025-03-20T16:52:41","guid":{"rendered":"https:\/\/orugadesign.com.ar\/?post_type=product&#038;p=1144"},"modified":"2025-09-19T02:44:58","modified_gmt":"2025-09-19T05:44:58","slug":"pattern-on-demand","status":"publish","type":"product","link":"https:\/\/orugadesign.com.ar\/?product=pattern-on-demand","title":{"rendered":"PATTERN ON DEMAND"},"content":{"rendered":"<p>Servicio personalizado de Pattern para emprendimientos a medida.<\/p>\n<p>Incluye Dise\u00f1o seleccionado del cat\u00e1logo + Archivo vectorial + Asesoramiento para impresi\u00f3n.<\/p>\n<p>Contacto con proveedores y estamper\u00edas puede solicitarse como servicio anexo.<\/p>\n<p>&nbsp;<\/p>\n","protected":false},"excerpt":{"rendered":"<p>Servicio personalizado de Pattern para emprendimientos a medida. Incluye Dise\u00f1o seleccionado del cat\u00e1logo + Archivo vectorial + Asesoramiento para impresi\u00f3n. Contacto con proveedores y estamper\u00edas puede solicitarse como servicio anexo. &nbsp;<\/p>\n","protected":false},"featured_media":1138,"comment_status":"open","ping_status":"closed","template":"","meta":{"_et_pb_use_builder":"","_et_pb_old_content":""},"product_brand":[],"product_cat":[24],"product_tag":[],"class_list":{"0":"post-1144","1":"product","2":"type-product","3":"status-publish","4":"has-post-thumbnail","6":"product_cat-patternsondemand","8":"first","9":"instock","10":"taxable","11":"shipping-taxable","12":"purchasable","13":"product-type-simple"},"_links":{"self":[{"href":"https:\/\/orugadesign.com.ar\/index.php?rest_route=\/wp\/v2\/product\/1144","targetHints":{"allow":["GET"]}}],"collection":[{"href":"https:\/\/orugadesign.com.ar\/index.php?rest_route=\/wp\/v2\/product"}],"about":[{"href":"https:\/\/orugadesign.com.ar\/index.php?rest_route=\/wp\/v2\/types\/product"}],"replies":[{"embeddable":true,"href":"https:\/\/orugadesign.com.ar\/index.php?rest_route=%2Fwp%2Fv2%2Fcomments&post=1144"}],"wp:featuredmedia":[{"embeddable":true,"href":"https:\/\/orugadesign.com.ar\/index.php?rest_route=\/wp\/v2\/media\/1138"}],"wp:attachment":[{"href":"https:\/\/orugadesign.com.ar\/index.php?rest_route=%2Fwp%2Fv2%2Fmedia&parent=1144"}],"wp:term":[{"taxonomy":"product_brand","embeddable":true,"href":"https:\/\/orugadesign.com.ar\/index.php?rest_route=%2Fwp%2Fv2%2Fproduct_brand&post=1144"},{"taxonomy":"product_cat","embeddable":true,"href":"https:\/\/orugadesign.com.ar\/index.php?rest_route=%2Fwp%2Fv2%2Fproduct_cat&post=1144"},{"taxonomy":"product_tag","embeddable":true,"href":"https:\/\/orugadesign.com.ar\/index.php?rest_route=%2Fwp%2Fv2%2Fproduct_tag&post=1144"}],"curies":[{"name":"wp","href":"https:\/\/api.w.org\/{rel}","templated":true}]}}