{"id":470,"date":"2021-02-19T12:24:51","date_gmt":"2021-02-19T15:24:51","guid":{"rendered":"https:\/\/orugadesign.com.ar\/?page_id=470"},"modified":"2026-01-31T20:15:26","modified_gmt":"2026-01-31T23:15:26","slug":"sobre-oruga","status":"publish","type":"page","link":"https:\/\/orugadesign.com.ar\/?page_id=470","title":{"rendered":"SOBRE ORUGA"},"content":{"rendered":"<p>[et_pb_section fb_built=\u00bb1&#8243; _builder_version=\u00bb4.0.2&#8243;][et_pb_row column_structure=\u00bb1_2,1_2&#8243; _builder_version=\u00bb4.0.2&#8243;][et_pb_column type=\u00bb1_2&#8243; _builder_version=\u00bb4.0.2&#8243; background_image=\u00bbhttps:\/\/orugadesign.com.ar\/wp-content\/uploads\/2021\/02\/SOY-MALE-scaled.jpg\u00bb][et_pb_image src=\u00bbhttps:\/\/orugadesign.com.ar\/wp-content\/uploads\/2026\/01\/20230825_105316-2-scaled.jpg\u00bb _builder_version=\u00bb4.0.2&#8243; hover_enabled=\u00bb0&#8243;][\/et_pb_image][\/et_pb_column][et_pb_column type=\u00bb1_2&#8243; _builder_version=\u00bb4.0.2&#8243;][et_pb_text _builder_version=\u00bb4.0.2&#8243;]Hola! Soy <span style=\"color: #339966;\">Male<\/span>, dise\u00f1adora de <span style=\"color: #339966;\"><strong>ORUGA.<\/strong><\/span> Hace muchos a\u00f1os ten\u00eda este sue\u00f1o de tener mi propia l\u00ednea de estampados, y hoy me hace muy feliz que Oruga Design abra las puertas de su tienda on line!<\/p>\n<h4><strong><span style=\"color: #339966;\">\u00bf Qu\u00e9 es ORUGA ?<\/span><\/strong><\/h4>\n<p>Es amor a los <strong><span style=\"color: #339966;\">patterns<\/span><\/strong>, a las <strong><span style=\"color: #339966;\">estampas<\/span><\/strong> que dan personalidad y vida a un objeto, a los <strong><span style=\"color: #339966;\">WALLPAPERS<\/span><\/strong> que pueden vestir una pared o un rinc\u00f3n de tu casa llen\u00e1ndolo de color con tu estilo. <strong><span style=\"color: #339966;\">ORUGA<\/span> <\/strong>adem\u00e1s quiere contarte m\u00e1s sobre el mundo de los <strong><span style=\"color: #339966;\">PATTERNS<\/span><\/strong> en la decoraci\u00f3n de superficies, como un elemento cada vez m\u00e1s elegido por marcas y tiendas para llevar su identidad comercial y en campa\u00f1as publicitarias.&nbsp;<\/p>\n<p><strong><span style=\"color: #339966;\">Bienvenidos<\/span><\/strong> a este espacio que celebra la creatividad y la oportunidad de cambiar de <strong><span style=\"color: #339966;\">piel<\/span><\/strong> y de look cuando lo necesites!&nbsp;<\/p>\n<p><strong><span style=\"color: #339966;\">Gracias<\/span> <\/strong>por acompa\u00f1arme :)[\/et_pb_text][\/et_pb_column][\/et_pb_row][\/et_pb_section]<\/p>\n","protected":false},"excerpt":{"rendered":"<p>[et_pb_section fb_built=\u00bb1&#8243; _builder_version=\u00bb4.0.2&#8243;][et_pb_row column_structure=\u00bb1_2,1_2&#8243; _builder_version=\u00bb4.0.2&#8243;][et_pb_column type=\u00bb1_2&#8243; _builder_version=\u00bb4.0.2&#8243; background_image=\u00bbhttps:\/\/orugadesign.com.ar\/wp-content\/uploads\/2021\/02\/SOY-MALE-scaled.jpg\u00bb][et_pb_image src=\u00bbhttps:\/\/orugadesign.com.ar\/wp-content\/uploads\/2026\/01\/20230825_105316-2-scaled.jpg\u00bb _builder_version=\u00bb4.0.2&#8243; hover_enabled=\u00bb0&#8243;][\/et_pb_image][\/et_pb_column][et_pb_column type=\u00bb1_2&#8243; _builder_version=\u00bb4.0.2&#8243;][et_pb_text _builder_version=\u00bb4.0.2&#8243;]Hola! Soy Male, dise\u00f1adora de ORUGA. Hace muchos a\u00f1os ten\u00eda este sue\u00f1o de tener mi propia l\u00ednea de estampados, y hoy me hace muy feliz que Oruga Design abra las puertas de su tienda on line! \u00bf Qu\u00e9 es ORUGA ? Es [&hellip;]<\/p>\n","protected":false},"author":1,"featured_media":0,"parent":0,"menu_order":0,"comment_status":"closed","ping_status":"closed","template":"","meta":{"_et_pb_use_builder":"on","_et_pb_old_content":"","footnotes":""},"class_list":["post-470","page","type-page","status-publish","hentry"],"_links":{"self":[{"href":"https:\/\/orugadesign.com.ar\/index.php?rest_route=\/wp\/v2\/pages\/470","targetHints":{"allow":["GET"]}}],"collection":[{"href":"https:\/\/orugadesign.com.ar\/index.php?rest_route=\/wp\/v2\/pages"}],"about":[{"href":"https:\/\/orugadesign.com.ar\/index.php?rest_route=\/wp\/v2\/types\/page"}],"author":[{"embeddable":true,"href":"https:\/\/orugadesign.com.ar\/index.php?rest_route=\/wp\/v2\/users\/1"}],"replies":[{"embeddable":true,"href":"https:\/\/orugadesign.com.ar\/index.php?rest_route=%2Fwp%2Fv2%2Fcomments&post=470"}],"version-history":[{"count":7,"href":"https:\/\/orugadesign.com.ar\/index.php?rest_route=\/wp\/v2\/pages\/470\/revisions"}],"predecessor-version":[{"id":1158,"href":"https:\/\/orugadesign.com.ar\/index.php?rest_route=\/wp\/v2\/pages\/470\/revisions\/1158"}],"wp:attachment":[{"href":"https:\/\/orugadesign.com.ar\/index.php?rest_route=%2Fwp%2Fv2%2Fmedia&parent=470"}],"curies":[{"name":"wp","href":"https:\/\/api.w.org\/{rel}","templated":true}]}}