{"id":368,"date":"2021-02-07T09:07:10","date_gmt":"2021-02-07T12:07:10","guid":{"rendered":"https:\/\/orugadesign.com.ar\/?page_id=368"},"modified":"2021-02-23T21:06:44","modified_gmt":"2021-02-24T00:06:44","slug":"como-pedir-tu-empapelado","status":"publish","type":"page","link":"https:\/\/orugadesign.com.ar\/?page_id=368","title":{"rendered":"\u00bfC\u00d3MO PEDIR TU EMPAPELADO ?"},"content":{"rendered":"<p>[et_pb_section fb_built=\u00bb1&#8243; _builder_version=\u00bb4.0.2&#8243;][et_pb_row column_structure=\u00bb1_3,1_3,1_3&#8243; _builder_version=\u00bb4.0.2&#8243; custom_padding=\u00bb136px|||||\u00bb][et_pb_column type=\u00bb1_3&#8243; _builder_version=\u00bb4.0.2&#8243;][et_pb_image src=\u00bbhttps:\/\/orugadesign.com.ar\/wp-content\/uploads\/2021\/02\/MEDIR-LA-SUPERFICIE-del-WALLPAPER-01.jpg\u00bb _builder_version=\u00bb4.0.2&#8243;][\/et_pb_image][\/et_pb_column][et_pb_column type=\u00bb1_3&#8243; _builder_version=\u00bb4.0.2&#8243;][et_pb_image src=\u00bbhttps:\/\/orugadesign.com.ar\/wp-content\/uploads\/2021\/02\/MEDIR-LA-SUPERFICIE-del-WALLPAPER-02.jpg\u00bb _builder_version=\u00bb4.0.2&#8243; width=\u00bb100%\u00bb][\/et_pb_image][\/et_pb_column][et_pb_column type=\u00bb1_3&#8243; _builder_version=\u00bb4.0.2&#8243;][et_pb_text _builder_version=\u00bb4.0.2&#8243; hover_enabled=\u00bb0&#8243;]<\/p>\n<h3><span style=\"color: #339966;\"><strong>\u00bfC\u00d3MO PEDIR TU EMPAPELADO?<\/strong><\/span><\/h3>\n<p>Para realizar el pedido de tu wallpaper ten\u00e9s que calcular los m2 de la superficie a cubrir.<\/p>\n<h5><span style=\"color: #333333;\"><strong>\u00bf C\u00f3mo ?<\/strong><\/span><\/h5>\n<p>Med\u00ed el ALTO y ANCHO de la pared (o superficie) y multiplic\u00e1 esas medidas.<\/p>\n<p>Por ejemplo, si tu pared es 2 mts de ALTO x 2 mts de ANCHO, ten\u00e9s una superficie de 4 m2 a cubrir.<\/p>\n<p>Ese RESULTADO es la cantidad de material a pedir para cubrir esa pared, madera, vidrio o superficie lisa.<\/p>\n<p>Para agregar al carrito, deb\u00e9s colocar 1 Unidad por m2. (4 m2: 4 unidades).<\/p>\n<h4><strong><span style=\"color: #339966;\">IMPORTANTE:<\/span><\/strong><\/h4>\n<ul>\n<li>Siempre especific\u00e1 ALTO y ANCHO en los casilleros previos a la confirmaci\u00f3n de tu compra.<\/li>\n<li>En el casillero de OBSERVACIONES indic\u00e1 colores u otras opciones especificas de tu compra.<\/li>\n<\/ul>\n<p><span style=\"color: #339966;\"><strong>SI NECESIT\u00c1S CORTES ESPECIALES ( por ej. ten\u00e9s aberturas en esa pared y no sab\u00e9s c\u00f3mo restarlas a la cantidad de material),\u00a0<\/strong><strong>ENVI\u00c1NOS POR MAIL LA ESPECIFICACI\u00d3N CON TU PEDIDO, O CONSULT\u00c1NOS POR WHATSAPP.<\/strong><\/span><\/p>\n<p>&nbsp;<\/p>\n<p>[\/et_pb_text][\/et_pb_column][\/et_pb_row][\/et_pb_section]<\/p>\n","protected":false},"excerpt":{"rendered":"<p>Quer\u00e9s cambiar pared&#8230; por d\u00f3nde empezamos? Busc\u00e1 un cent\u00edmetro, papel y l\u00e1piz, y con tu celu pod\u00e9s enviarnos una foto para orientarnos mejor.<\/p>\n","protected":false},"author":1,"featured_media":433,"parent":0,"menu_order":0,"comment_status":"closed","ping_status":"closed","template":"","meta":{"_et_pb_use_builder":"on","_et_pb_old_content":"","footnotes":""},"class_list":["post-368","page","type-page","status-publish","has-post-thumbnail","hentry"],"_links":{"self":[{"href":"https:\/\/orugadesign.com.ar\/index.php?rest_route=\/wp\/v2\/pages\/368","targetHints":{"allow":["GET"]}}],"collection":[{"href":"https:\/\/orugadesign.com.ar\/index.php?rest_route=\/wp\/v2\/pages"}],"about":[{"href":"https:\/\/orugadesign.com.ar\/index.php?rest_route=\/wp\/v2\/types\/page"}],"author":[{"embeddable":true,"href":"https:\/\/orugadesign.com.ar\/index.php?rest_route=\/wp\/v2\/users\/1"}],"replies":[{"embeddable":true,"href":"https:\/\/orugadesign.com.ar\/index.php?rest_route=%2Fwp%2Fv2%2Fcomments&post=368"}],"version-history":[{"count":14,"href":"https:\/\/orugadesign.com.ar\/index.php?rest_route=\/wp\/v2\/pages\/368\/revisions"}],"predecessor-version":[{"id":546,"href":"https:\/\/orugadesign.com.ar\/index.php?rest_route=\/wp\/v2\/pages\/368\/revisions\/546"}],"wp:featuredmedia":[{"embeddable":true,"href":"https:\/\/orugadesign.com.ar\/index.php?rest_route=\/wp\/v2\/media\/433"}],"wp:attachment":[{"href":"https:\/\/orugadesign.com.ar\/index.php?rest_route=%2Fwp%2Fv2%2Fmedia&parent=368"}],"curies":[{"name":"wp","href":"https:\/\/api.w.org\/{rel}","templated":true}]}}