{"id":24,"date":"2020-04-20T23:07:10","date_gmt":"2020-04-20T23:07:10","guid":{"rendered":"http:\/\/orugadesign.com.ar\/?page_id=24"},"modified":"2025-03-20T15:15:02","modified_gmt":"2025-03-20T18:15:02","slug":"home","status":"publish","type":"page","link":"https:\/\/orugadesign.com.ar\/","title":{"rendered":"ORUGA Estampados que Inspiran"},"content":{"rendered":"<p>[et_pb_section fb_built=\u00bb1&#8243; disabled_on=\u00bbon|on|off\u00bb admin_label=\u00bbHeader Section\u00bb _builder_version=\u00bb4.0.2&#8243; background_image=\u00bbhttps:\/\/orugadesign.com.ar\/wp-content\/uploads\/2025\/03\/BANNER-ORUGA-2025_PATTERN-ON-DEMAND.jpg\u00bb background_size=\u00bbcontain\u00bb background_position=\u00bbtop_center\u00bb min_height=\u00bb497px\u00bb overflow-x=\u00bbauto\u00bb overflow-y=\u00bbauto\u00bb custom_padding=\u00bb75px||0px|||\u00bb animation_style=\u00bbfade\u00bb border_width_all=\u00bb0px\u00bb][et_pb_row column_structure=\u00bb1_6,1_6,1_6,1_6,1_6,1_6&#8243; _builder_version=\u00bb4.0.2&#8243; width=\u00bb70.9%\u00bb min_height=\u00bb160px\u00bb custom_margin=\u00bb-123px|659px||216px||\u00bb custom_padding=\u00bb|0px|108px|21px||\u00bb][et_pb_column type=\u00bb1_6&#8243; _builder_version=\u00bb4.0.2&#8243;][\/et_pb_column][et_pb_column type=\u00bb1_6&#8243; _builder_version=\u00bb4.0.2&#8243;][\/et_pb_column][et_pb_column type=\u00bb1_6&#8243; _builder_version=\u00bb4.0.2&#8243;][\/et_pb_column][et_pb_column type=\u00bb1_6&#8243; _builder_version=\u00bb4.0.2&#8243;][et_pb_image align=\u00bbright\u00bb disabled_on=\u00bboff|off|off\u00bb _builder_version=\u00bb4.0.2&#8243; background_color=\u00bbrgba(0,0,0,0)\u00bb width=\u00bb68.5%\u00bb max_width=\u00bb69%\u00bb min_height=\u00bb126px\u00bb overflow-y=\u00bbvisible\u00bb custom_margin=\u00bb|-10px||-2px||\u00bb custom_padding=\u00bb0px|0px|230px|5px||\u00bb z_index=\u00bb0&#8243;][\/et_pb_image][et_pb_image align=\u00bbright\u00bb disabled_on=\u00bboff|off|off\u00bb _builder_version=\u00bb4.0.2&#8243; background_color=\u00bbrgba(0,0,0,0)\u00bb width=\u00bb68.5%\u00bb max_width=\u00bb69%\u00bb min_height=\u00bb126px\u00bb overflow-y=\u00bbvisible\u00bb custom_margin=\u00bb|-18px||-2px||\u00bb custom_padding=\u00bb0px|0px|230px|5px||\u00bb z_index=\u00bb0&#8243;][\/et_pb_image][\/et_pb_column][et_pb_column type=\u00bb1_6&#8243; _builder_version=\u00bb4.0.2&#8243;][\/et_pb_column][et_pb_column type=\u00bb1_6&#8243; _builder_version=\u00bb4.0.2&#8243;][\/et_pb_column][\/et_pb_row][\/et_pb_section][et_pb_section fb_built=\u00bb1&#8243; fullwidth=\u00bbon\u00bb disabled_on=\u00bbon|off|off\u00bb _builder_version=\u00bb4.0.2&#8243; min_height=\u00bb680.2px\u00bb custom_margin=\u00bb||-290px|||\u00bb][et_pb_fullwidth_header title=\u00bbORUGA DESIGN &#8211; Pattern on Demand: un mundo donde elegir el estampado ideal para tu marca o producto.\u00bb text_orientation=\u00bbcenter\u00bb button_one_url=\u00bb@ET-DC@eyJkeW5hbWljIjp0cnVlLCJjb250ZW50IjoicG9zdF9saW5rX3VybF9wYWdlIiwic2V0dGluZ3MiOnsicG9zdF9pZCI6IjIifX0=@\u00bb disabled_on=\u00bbon|off|off\u00bb _builder_version=\u00bb4.0.2&#8243; _dynamic_attributes=\u00bbbutton_one_url\u00bb title_level=\u00bbh4&#8243; title_font=\u00bbGeorgia||||||||\u00bb title_font_size=\u00bb29px\u00bb title_letter_spacing=\u00bb2px\u00bb title_line_height=\u00bb1.2em\u00bb content_font=\u00bb||||||||\u00bb content_text_align=\u00bbjustify\u00bb content_text_color=\u00bb#ffffff\u00bb content_font_size=\u00bb17px\u00bb content_line_height=\u00bb2em\u00bb subhead_font_size=\u00bb20px\u00bb subhead_letter_spacing=\u00bb5px\u00bb background_color=\u00bb#e09900&#8243; button_one_rel=\u00bboff|on|off|off|off\u00bb min_height=\u00bb357.6px\u00bb custom_margin=\u00bb-23px||||false|false\u00bb custom_padding=\u00bb39px|||||\u00bb z_index=\u00bb0&#8243; content_text_shadow_style=\u00bbpreset3&#8243; content_text_shadow_color=\u00bb#444444&#8243; border_radii_image=\u00bboff|7px|7px|7px|7px\u00bb]<\/p>\n<p style=\"text-align: center;\">Oruga Design hoy crece para ofrecerte un servicio especializado de estampados, listos para descargar y aplicar en tus productos o dise\u00f1os. Conoc\u00e9 nuestra colecci\u00f3n \u00fanica de ESTAMPADOS PARA INSPIRARTE Y CAMBIAR LA PIEL DE TU MARCA!\u00a0<\/p>\n<p style=\"text-align: center;\">\n<p>[\/et_pb_fullwidth_header][\/et_pb_section][et_pb_section fb_built=\u00bb1&#8243; disabled_on=\u00bboff|off|off\u00bb admin_label=\u00bbBlog Section\u00bb _builder_version=\u00bb4.0.2&#8243; background_position=\u00bbtop_center\u00bb custom_margin=\u00bb10px|||||\u00bb custom_padding=\u00bb6px|0px|8px|0px||\u00bb][et_pb_row admin_label=\u00bbTitle Row\u00bb _builder_version=\u00bb3.25&#8243; custom_margin=\u00bb15px|auto||auto||\u00bb][et_pb_column type=\u00bb4_4&#8243; _builder_version=\u00bb3.25&#8243; custom_padding=\u00bb|||\u00bb custom_padding__hover=\u00bb|||\u00bb][et_pb_shop _builder_version=\u00bb4.0.2&#8243;][\/et_pb_shop][\/et_pb_column][\/et_pb_row][\/et_pb_section][et_pb_section fb_built=\u00bb1&#8243; admin_label=\u00bbSubscription Section\u00bb _builder_version=\u00bb4.0.2&#8243; background_image=\u00bbhttps:\/\/orugadesign.com.ar\/wp-content\/uploads\/2025\/03\/new-pattern-NEUTRO-BLU_Mesa-de-trabajo-1-scaled.jpg\u00bb background_position=\u00bbbottom_center\u00bb custom_padding=\u00bb3.9%|0px|8%|0px||\u00bb hover_enabled=\u00bb0&#8243;][et_pb_row column_structure=\u00bb1_3,1_3,1_3&#8243; _builder_version=\u00bb4.0.2&#8243; min_height=\u00bb524px\u00bb custom_margin=\u00bb-171px|auto||auto||\u00bb][et_pb_column type=\u00bb1_3&#8243; _builder_version=\u00bb4.0.2&#8243;][\/et_pb_column][et_pb_column type=\u00bb1_3&#8243; _builder_version=\u00bb4.0.2&#8243;][\/et_pb_column][et_pb_column type=\u00bb1_3&#8243; _builder_version=\u00bb4.0.2&#8243;][\/et_pb_column][\/et_pb_row][\/et_pb_section]<\/p>\n","protected":false},"excerpt":{"rendered":"<p>[et_pb_section fb_built=\u00bb1&#8243; disabled_on=\u00bbon|on|off\u00bb admin_label=\u00bbHeader Section\u00bb _builder_version=\u00bb4.0.2&#8243; background_image=\u00bbhttps:\/\/orugadesign.com.ar\/wp-content\/uploads\/2025\/03\/BANNER-ORUGA-2025_PATTERN-ON-DEMAND.jpg\u00bb background_size=\u00bbcontain\u00bb background_position=\u00bbtop_center\u00bb min_height=\u00bb497px\u00bb overflow-x=\u00bbauto\u00bb overflow-y=\u00bbauto\u00bb custom_padding=\u00bb75px||0px|||\u00bb animation_style=\u00bbfade\u00bb border_width_all=\u00bb0px\u00bb][et_pb_row column_structure=\u00bb1_6,1_6,1_6,1_6,1_6,1_6&#8243; _builder_version=\u00bb4.0.2&#8243; width=\u00bb70.9%\u00bb min_height=\u00bb160px\u00bb custom_margin=\u00bb-123px|659px||216px||\u00bb custom_padding=\u00bb|0px|108px|21px||\u00bb][et_pb_column type=\u00bb1_6&#8243; _builder_version=\u00bb4.0.2&#8243;][\/et_pb_column][et_pb_column type=\u00bb1_6&#8243; _builder_version=\u00bb4.0.2&#8243;][\/et_pb_column][et_pb_column type=\u00bb1_6&#8243; _builder_version=\u00bb4.0.2&#8243;][\/et_pb_column][et_pb_column type=\u00bb1_6&#8243; _builder_version=\u00bb4.0.2&#8243;][et_pb_image align=\u00bbright\u00bb disabled_on=\u00bboff|off|off\u00bb _builder_version=\u00bb4.0.2&#8243; background_color=\u00bbrgba(0,0,0,0)\u00bb width=\u00bb68.5%\u00bb max_width=\u00bb69%\u00bb min_height=\u00bb126px\u00bb overflow-y=\u00bbvisible\u00bb custom_margin=\u00bb|-10px||-2px||\u00bb custom_padding=\u00bb0px|0px|230px|5px||\u00bb z_index=\u00bb0&#8243;][\/et_pb_image][et_pb_image align=\u00bbright\u00bb disabled_on=\u00bboff|off|off\u00bb _builder_version=\u00bb4.0.2&#8243; background_color=\u00bbrgba(0,0,0,0)\u00bb width=\u00bb68.5%\u00bb max_width=\u00bb69%\u00bb min_height=\u00bb126px\u00bb overflow-y=\u00bbvisible\u00bb custom_margin=\u00bb|-18px||-2px||\u00bb custom_padding=\u00bb0px|0px|230px|5px||\u00bb z_index=\u00bb0&#8243;][\/et_pb_image][\/et_pb_column][et_pb_column type=\u00bb1_6&#8243; _builder_version=\u00bb4.0.2&#8243;][\/et_pb_column][et_pb_column type=\u00bb1_6&#8243; _builder_version=\u00bb4.0.2&#8243;][\/et_pb_column][\/et_pb_row][\/et_pb_section][et_pb_section [&hellip;]<\/p>\n","protected":false},"author":1,"featured_media":0,"parent":0,"menu_order":0,"comment_status":"closed","ping_status":"closed","template":"","meta":{"_et_pb_use_builder":"on","_et_pb_old_content":"Nuestras tarjetas ORUGA quieren llegar en estos d\u00edas a quienes extra\u00f1amos, a quienes queremos recordarles cu\u00e1nto los queremos, y nos gustar\u00eda volver a ver muy pronto. Para aquellos que pasan su cumple en casa y no podemos estar ah\u00ed para tirarles las orejas, para quienes sab\u00e9s les va a hacer bien un abrazo puerta a puerta.","footnotes":""},"class_list":["post-24","page","type-page","status-publish","hentry"],"_links":{"self":[{"href":"https:\/\/orugadesign.com.ar\/index.php?rest_route=\/wp\/v2\/pages\/24","targetHints":{"allow":["GET"]}}],"collection":[{"href":"https:\/\/orugadesign.com.ar\/index.php?rest_route=\/wp\/v2\/pages"}],"about":[{"href":"https:\/\/orugadesign.com.ar\/index.php?rest_route=\/wp\/v2\/types\/page"}],"author":[{"embeddable":true,"href":"https:\/\/orugadesign.com.ar\/index.php?rest_route=\/wp\/v2\/users\/1"}],"replies":[{"embeddable":true,"href":"https:\/\/orugadesign.com.ar\/index.php?rest_route=%2Fwp%2Fv2%2Fcomments&post=24"}],"version-history":[{"count":93,"href":"https:\/\/orugadesign.com.ar\/index.php?rest_route=\/wp\/v2\/pages\/24\/revisions"}],"predecessor-version":[{"id":1149,"href":"https:\/\/orugadesign.com.ar\/index.php?rest_route=\/wp\/v2\/pages\/24\/revisions\/1149"}],"wp:attachment":[{"href":"https:\/\/orugadesign.com.ar\/index.php?rest_route=%2Fwp%2Fv2%2Fmedia&parent=24"}],"curies":[{"name":"wp","href":"https:\/\/api.w.org\/{rel}","templated":true}]}}